{"id":24951,"date":"2024-05-20T18:37:56","date_gmt":"2024-05-20T16:37:56","guid":{"rendered":"https:\/\/berenike.animals.uwr.edu.pl\/?page_id=24951"},"modified":"2024-05-20T18:38:01","modified_gmt":"2024-05-20T16:38:01","slug":"kontakt","status":"publish","type":"page","link":"https:\/\/berenike.animals.uwr.edu.pl\/en\/kontakt\/","title":{"rendered":"Contact"},"content":{"rendered":"\n<div class=\"wp-block-ugb-container ugb-container blok_nowa_podstrona ugb-8dda971 ugb-container--v2 ugb-container--design-plain ugb-main-block\"><div class=\"ugb-inner-block\"><div class=\"ugb-block-content\"><div class=\"ugb-container__wrapper ugb-8dda971-wrapper\"><div class=\"ugb-container__side\"><div class=\"ugb-container__content-wrapper ugb-8dda971-content-wrapper\">\n<div class=\"wp-block-columns bs-news-page is-layout-flex wp-block-columns-is-layout-flex\">\n<div class=\"wp-block-column bs-kontakt-photo is-layout-flow wp-block-column-is-layout-flow\"><\/div>\n\n\n\n<div class=\"wp-block-column bs-contact-right-column is-layout-flow wp-block-column-is-layout-flow\">\n<div class=\"wp-block-bonasoft-modular-breadcrumbs-block\"><div class=\"bs_add_breadcrumb_trail\"><\/div><\/div>\n\n\n\n<hr class=\"wp-block-separator has-text-color has-black-color has-css-opacity has-black-background-color has-background is-style-wide bs-border-kontakt\"\/>\n\n\n<h1 style=\"font-style:normal;font-weight:700;\" class=\"has-text-align-center bs-naglowek-podstrony wp-block-post-title\">Contact<\/h1><\/div>\n<\/div>\n\n\n\n<p><\/p>\n\n\n\n<p><\/p>\n\n\n\n<div class=\"wp-block-stackable-columns stk-block-columns stk-block stk-21013aa\" data-block-id=\"21013aa\"><div class=\"stk-row stk-inner-blocks stk-block-content stk-content-align stk-21013aa-column\">\n<div class=\"wp-block-stackable-column stk-block-column stk-column stk-block stk-8562328\" data-v=\"4\" data-block-id=\"8562328\"><style>@media screen and (min-width:768px){.stk-8562328{flex:1 1 calc(15% - var(--stk-column-gap,0px) * 2 \/ 3 ) !important}}<\/style><div class=\"stk-column-wrapper stk-block-column__content stk-container stk-8562328-container stk--no-background stk--no-padding\"><div class=\"stk-block-content stk-inner-blocks stk-8562328-inner-blocks\">\n<p><\/p>\n<\/div><\/div><\/div>\n\n\n\n<div class=\"wp-block-stackable-column stk-block-column stk-column stk-block stk-e7b21ac\" data-v=\"4\" data-block-id=\"e7b21ac\"><style>@media screen and (min-width:768px){.stk-e7b21ac{flex:1 1 calc(51.66666666666667% - var(--stk-column-gap,0px) * 2 \/ 3 ) !important}}<\/style><div class=\"stk-column-wrapper stk-block-column__content stk-container stk-e7b21ac-container stk--no-background stk--no-padding\"><div class=\"stk-block-content stk-inner-blocks stk-e7b21ac-inner-blocks\">\n<h2 class=\"wp-block-heading\"><strong>Marta Osypi\u0144ska<\/strong><\/h2>\n\n\n\n<p><img loading=\"lazy\" decoding=\"async\" width=\"20\" height=\"20\" class=\"wp-image-23583\" style=\"width: 20px;\" src=\"https:\/\/archeo.mongolia.uwr.edu.pl\/wp-content\/uploads\/sites\/312\/2022\/11\/dom.png\" alt=\"budynek\" srcset=\"https:\/\/berenike.animals.uwr.edu.pl\/wp-content\/uploads\/sites\/519\/2022\/11\/dom.png 194w, https:\/\/berenike.animals.uwr.edu.pl\/wp-content\/uploads\/sites\/519\/2022\/11\/dom-150x150.png 150w, https:\/\/berenike.animals.uwr.edu.pl\/wp-content\/uploads\/sites\/519\/2022\/11\/dom-24x24.png 24w, https:\/\/berenike.animals.uwr.edu.pl\/wp-content\/uploads\/sites\/519\/2022\/11\/dom-36x36.png 36w, https:\/\/berenike.animals.uwr.edu.pl\/wp-content\/uploads\/sites\/519\/2022\/11\/dom-48x48.png 48w\" sizes=\"auto, (max-width: 20px) 100vw, 20px\" \/>  <strong>Address:<\/strong> Szewska 48, 50-139 Wroc\u0142aw<\/p>\n\n\n\n<p><img loading=\"lazy\" decoding=\"async\" width=\"20\" height=\"20\" class=\"wp-image-23571\" style=\"width: 20px;\" src=\"https:\/\/archeo.mongolia.uwr.edu.pl\/wp-content\/uploads\/sites\/312\/2022\/11\/telefon.png\" alt=\"telefon\" srcset=\"https:\/\/berenike.animals.uwr.edu.pl\/wp-content\/uploads\/sites\/519\/2022\/11\/telefon.png 221w, https:\/\/berenike.animals.uwr.edu.pl\/wp-content\/uploads\/sites\/519\/2022\/11\/telefon-150x150.png 150w, https:\/\/berenike.animals.uwr.edu.pl\/wp-content\/uploads\/sites\/519\/2022\/11\/telefon-24x24.png 24w, https:\/\/berenike.animals.uwr.edu.pl\/wp-content\/uploads\/sites\/519\/2022\/11\/telefon-36x36.png 36w, https:\/\/berenike.animals.uwr.edu.pl\/wp-content\/uploads\/sites\/519\/2022\/11\/telefon-48x48.png 48w\" sizes=\"auto, (max-width: 20px) 100vw, 20px\" \/> <strong>Phone:<\/strong> +48 71 375 27 02<\/p>\n\n\n\n<p><img loading=\"lazy\" decoding=\"async\" width=\"20\" height=\"16\" class=\"wp-image-23595\" style=\"width: 20px;\" src=\"https:\/\/archeo.mongolia.uwr.edu.pl\/wp-content\/uploads\/sites\/312\/2022\/11\/koperta.png\" alt=\"e-mail\" srcset=\"https:\/\/berenike.animals.uwr.edu.pl\/wp-content\/uploads\/sites\/519\/2022\/11\/koperta.png 281w, https:\/\/berenike.animals.uwr.edu.pl\/wp-content\/uploads\/sites\/519\/2022\/11\/koperta-24x19.png 24w, https:\/\/berenike.animals.uwr.edu.pl\/wp-content\/uploads\/sites\/519\/2022\/11\/koperta-36x29.png 36w, https:\/\/berenike.animals.uwr.edu.pl\/wp-content\/uploads\/sites\/519\/2022\/11\/koperta-48x38.png 48w\" sizes=\"auto, (max-width: 20px) 100vw, 20px\" \/>  <strong>E-mail:<\/strong> <a href=\"mailto:marta.osypinska@uwr.edu.pl\">marta.osypinska@uwr.edu.pl<\/a><\/p>\n\n\n\n<p> <img loading=\"lazy\" decoding=\"async\" width=\"15\" height=\"21\" class=\"wp-image-23565\" style=\"width: 15px;\" src=\"https:\/\/archeo.mongolia.uwr.edu.pl\/wp-content\/uploads\/sites\/312\/2022\/11\/strzalka.png\" alt=\"strza\u0142ka\" srcset=\"https:\/\/berenike.animals.uwr.edu.pl\/wp-content\/uploads\/sites\/519\/2022\/11\/strzalka.png 122w, https:\/\/berenike.animals.uwr.edu.pl\/wp-content\/uploads\/sites\/519\/2022\/11\/strzalka-17x24.png 17w, https:\/\/berenike.animals.uwr.edu.pl\/wp-content\/uploads\/sites\/519\/2022\/11\/strzalka-26x36.png 26w, https:\/\/berenike.animals.uwr.edu.pl\/wp-content\/uploads\/sites\/519\/2022\/11\/strzalka-35x48.png 35w\" sizes=\"auto, (max-width: 15px) 100vw, 15px\" \/> <strong>Website: <\/strong><b><a href=\"https:\/\/berenike.animals.uwr.edu.pl\/\" target=\"_blank\" rel=\"noreferrer noopener\">https:\/\/berenike.animals.uwr.edu.pl\/<\/a><\/b><\/p>\n<\/div><\/div><\/div>\n\n\n\n<div class=\"wp-block-stackable-column stk-block-column stk-column stk-block stk-99fe530\" data-v=\"4\" data-block-id=\"99fe530\"><style>@media screen and (min-width:768px){.stk-99fe530{flex:1 1 calc(33.333333333333336% - var(--stk-column-gap,0px) * 2 \/ 3 ) !important}}<\/style><div class=\"stk-column-wrapper stk-block-column__content stk-container stk-99fe530-container stk--no-background stk--no-padding\"><div class=\"stk-block-content stk-inner-blocks stk-99fe530-inner-blocks\"><\/div><\/div><\/div>\n<\/div><\/div>\n\n\n\n<div class=\"wp-block-ugb-container ugb-container bs-news-page-under ugb-f8694ce ugb-container--v2 ugb-container--design-plain ugb-main-block\"><div class=\"ugb-inner-block\"><div class=\"ugb-block-content\"><div class=\"ugb-container__wrapper ugb-f8694ce-wrapper\"><div class=\"ugb-container__side\"><div class=\"ugb-container__content-wrapper ugb-f8694ce-content-wrapper\">\n<p class=\"has-text-align-center\"><\/p>\n\n\n\n<p class=\"has-text-align-center\"><\/p>\n\n\n\n<p class=\"has-text-align-center\"><\/p>\n\n\n\n<p class=\"has-text-align-center\"><\/p>\n<\/div><\/div><\/div><\/div><\/div><\/div>\n<\/div><\/div><\/div><\/div><\/div><\/div>\n","protected":false},"excerpt":{"rendered":"<p>Marta Osypi\u0144ska Address: Szewska 48, 50-139 Wroc\u0142aw Phone: +48 71 375 27 02 E-mail: marta.osypinska@uwr.edu.pl Website: https:\/\/berenike.animals.uwr.edu.pl\/<\/p>\n","protected":false},"author":840,"featured_media":0,"parent":0,"menu_order":0,"comment_status":"closed","ping_status":"closed","template":"","meta":{"_acf_changed":false,"inline_featured_image":false,"site-sidebar-layout":"default","site-content-layout":"","ast-site-content-layout":"default","site-content-style":"default","site-sidebar-style":"default","ast-global-header-display":"","ast-banner-title-visibility":"","ast-main-header-display":"","ast-hfb-above-header-display":"","ast-hfb-below-header-display":"","ast-hfb-mobile-header-display":"","site-post-title":"","ast-breadcrumbs-content":"","ast-featured-img":"","footer-sml-layout":"","ast-disable-related-posts":"","theme-transparent-header-meta":"","adv-header-id-meta":"","stick-header-meta":"","header-above-stick-meta":"","header-main-stick-meta":"","header-below-stick-meta":"","astra-migrate-meta-layouts":"set","ast-page-background-enabled":"default","ast-page-background-meta":{"desktop":{"background-color":"","background-image":"","background-repeat":"repeat","background-position":"center center","background-size":"auto","background-attachment":"scroll","background-type":"","background-media":"","overlay-type":"","overlay-color":"","overlay-opacity":"","overlay-gradient":""},"tablet":{"background-color":"","background-image":"","background-repeat":"repeat","background-position":"center center","background-size":"auto","background-attachment":"scroll","background-type":"","background-media":"","overlay-type":"","overlay-color":"","overlay-opacity":"","overlay-gradient":""},"mobile":{"background-color":"","background-image":"","background-repeat":"repeat","background-position":"center center","background-size":"auto","background-attachment":"scroll","background-type":"","background-media":"","overlay-type":"","overlay-color":"","overlay-opacity":"","overlay-gradient":""}},"ast-content-background-meta":{"desktop":{"background-color":"var(--ast-global-color-5)","background-image":"","background-repeat":"repeat","background-position":"center center","background-size":"auto","background-attachment":"scroll","background-type":"","background-media":"","overlay-type":"","overlay-color":"","overlay-opacity":"","overlay-gradient":""},"tablet":{"background-color":"var(--ast-global-color-5)","background-image":"","background-repeat":"repeat","background-position":"center center","background-size":"auto","background-attachment":"scroll","background-type":"","background-media":"","overlay-type":"","overlay-color":"","overlay-opacity":"","overlay-gradient":""},"mobile":{"background-color":"var(--ast-global-color-5)","background-image":"","background-repeat":"repeat","background-position":"center center","background-size":"auto","background-attachment":"scroll","background-type":"","background-media":"","overlay-type":"","overlay-color":"","overlay-opacity":"","overlay-gradient":""}},"footnotes":""},"categories":[],"tags":[243],"class_list":["post-24951","page","type-page","status-publish","hentry","tag-contact"],"featured_image_urls_v2":{"full":"","thumbnail":"","medium":"","medium_large":"","large":"","1536x1536":"","2048x2048":"","menu-24x24":"","menu-36x36":"","menu-48x48":""},"post_excerpt_stackable_v2":"<p>Contact Marta Osypi\u0144ska Address: Szewska 48, 50-139 Wroc\u0142aw Phone: +48 71 375 27 02 E-mail: marta.osypinska@uwr.edu.pl Website: https:\/\/berenike.animals.uwr.edu.pl\/<\/p>\n","category_list_v2":"Uncategorized","author_info_v2":{"name":"marek.grzeskowiak2@uwr.edu.pl","url":"https:\/\/berenike.animals.uwr.edu.pl\/en\/author\/marek-grzeskowiak2uwr-edu-pl\/"},"comments_num_v2":"0 comments","acf":[],"yoast_head":"<!-- This site is optimized with the Yoast SEO plugin v27.1.1 - https:\/\/yoast.com\/product\/yoast-seo-wordpress\/ -->\n<title>Contact - Nie-ludzie w spo\u0142eczno\u015bci Berenike. Dane archeozoologiczne w dyskursie dotycz\u0105cym to\u017csamo\u015bci i warto\u015bci w antyku<\/title>\n<meta name=\"robots\" content=\"index, follow, max-snippet:-1, max-image-preview:large, max-video-preview:-1\" \/>\n<link rel=\"canonical\" href=\"https:\/\/berenike.animals.uwr.edu.pl\/en\/kontakt\/\" \/>\n<meta property=\"og:locale\" content=\"en_US\" \/>\n<meta property=\"og:type\" content=\"article\" \/>\n<meta property=\"og:title\" content=\"Contact - Nie-ludzie w spo\u0142eczno\u015bci Berenike. Dane archeozoologiczne w dyskursie dotycz\u0105cym to\u017csamo\u015bci i warto\u015bci w antyku\" \/>\n<meta property=\"og:description\" content=\"Marta Osypi\u0144ska Address: Szewska 48, 50-139 Wroc\u0142aw Phone: +48 71 375 27 02 E-mail: marta.osypinska@uwr.edu.pl Website: https:\/\/berenike.animals.uwr.edu.pl\/\" \/>\n<meta property=\"og:url\" content=\"https:\/\/berenike.animals.uwr.edu.pl\/en\/kontakt\/\" \/>\n<meta property=\"og:site_name\" content=\"Nie-ludzie w spo\u0142eczno\u015bci Berenike. Dane archeozoologiczne w dyskursie dotycz\u0105cym to\u017csamo\u015bci i warto\u015bci w antyku\" \/>\n<meta property=\"article:modified_time\" content=\"2024-05-20T16:38:01+00:00\" \/>\n<meta property=\"og:image\" content=\"https:\/\/archeo.mongolia.uwr.edu.pl\/wp-content\/uploads\/sites\/312\/2022\/11\/dom.png\" \/>\n<meta name=\"twitter:card\" content=\"summary_large_image\" \/>\n<meta name=\"twitter:label1\" content=\"Est. reading time\" \/>\n\t<meta name=\"twitter:data1\" content=\"1 minute\" \/>\n<script type=\"application\/ld+json\" class=\"yoast-schema-graph\">{\"@context\":\"https:\/\/schema.org\",\"@graph\":[{\"@type\":\"WebPage\",\"@id\":\"https:\/\/berenike.animals.uwr.edu.pl\/en\/kontakt\/\",\"url\":\"https:\/\/berenike.animals.uwr.edu.pl\/en\/kontakt\/\",\"name\":\"Contact - Nie-ludzie w spo\u0142eczno\u015bci Berenike. Dane archeozoologiczne w dyskursie dotycz\u0105cym to\u017csamo\u015bci i warto\u015bci w antyku\",\"isPartOf\":{\"@id\":\"https:\/\/berenike.animals.uwr.edu.pl\/#website\"},\"primaryImageOfPage\":{\"@id\":\"https:\/\/berenike.animals.uwr.edu.pl\/en\/kontakt\/#primaryimage\"},\"image\":{\"@id\":\"https:\/\/berenike.animals.uwr.edu.pl\/en\/kontakt\/#primaryimage\"},\"thumbnailUrl\":\"https:\/\/archeo.mongolia.uwr.edu.pl\/wp-content\/uploads\/sites\/312\/2022\/11\/dom.png\",\"datePublished\":\"2024-05-20T16:37:56+00:00\",\"dateModified\":\"2024-05-20T16:38:01+00:00\",\"breadcrumb\":{\"@id\":\"https:\/\/berenike.animals.uwr.edu.pl\/en\/kontakt\/#breadcrumb\"},\"inLanguage\":\"en-US\",\"potentialAction\":[{\"@type\":\"ReadAction\",\"target\":[\"https:\/\/berenike.animals.uwr.edu.pl\/en\/kontakt\/\"]}]},{\"@type\":\"ImageObject\",\"inLanguage\":\"en-US\",\"@id\":\"https:\/\/berenike.animals.uwr.edu.pl\/en\/kontakt\/#primaryimage\",\"url\":\"https:\/\/archeo.mongolia.uwr.edu.pl\/wp-content\/uploads\/sites\/312\/2022\/11\/dom.png\",\"contentUrl\":\"https:\/\/archeo.mongolia.uwr.edu.pl\/wp-content\/uploads\/sites\/312\/2022\/11\/dom.png\"},{\"@type\":\"BreadcrumbList\",\"@id\":\"https:\/\/berenike.animals.uwr.edu.pl\/en\/kontakt\/#breadcrumb\",\"itemListElement\":[{\"@type\":\"ListItem\",\"position\":1,\"name\":\"Strona g\u0142\u00f3wna\",\"item\":\"https:\/\/berenike.animals.uwr.edu.pl\/en\/\"},{\"@type\":\"ListItem\",\"position\":2,\"name\":\"Contact\"}]},{\"@type\":\"WebSite\",\"@id\":\"https:\/\/berenike.animals.uwr.edu.pl\/#website\",\"url\":\"https:\/\/berenike.animals.uwr.edu.pl\/\",\"name\":\"Nie-ludzie w spo\u0142eczno\u015bci Berenike. Dane archeozoologiczne w dyskursie dotycz\u0105cym to\u017csamo\u015bci i warto\u015bci w antyku\",\"description\":\"Kolejna witryna sieci \u201eUWR Witryny\u201d\",\"publisher\":{\"@id\":\"https:\/\/berenike.animals.uwr.edu.pl\/#organization\"},\"potentialAction\":[{\"@type\":\"SearchAction\",\"target\":{\"@type\":\"EntryPoint\",\"urlTemplate\":\"https:\/\/berenike.animals.uwr.edu.pl\/?s={search_term_string}\"},\"query-input\":{\"@type\":\"PropertyValueSpecification\",\"valueRequired\":true,\"valueName\":\"search_term_string\"}}],\"inLanguage\":\"en-US\"},{\"@type\":\"Organization\",\"@id\":\"https:\/\/berenike.animals.uwr.edu.pl\/#organization\",\"name\":\"Nie-ludzie w spo\u0142eczno\u015bci Berenike. Dane archeozoologiczne w dyskursie dotycz\u0105cym to\u017csamo\u015bci i warto\u015bci w antyku\",\"url\":\"https:\/\/berenike.animals.uwr.edu.pl\/\",\"logo\":{\"@type\":\"ImageObject\",\"inLanguage\":\"en-US\",\"@id\":\"https:\/\/berenike.animals.uwr.edu.pl\/#\/schema\/logo\/image\/\",\"url\":\"https:\/\/berenike.animals.uwr.edu.pl\/wp-content\/uploads\/sites\/519\/2025\/10\/UWr-logotyp-2025.png\",\"contentUrl\":\"https:\/\/berenike.animals.uwr.edu.pl\/wp-content\/uploads\/sites\/519\/2025\/10\/UWr-logotyp-2025.png\",\"width\":764,\"height\":269,\"caption\":\"Nie-ludzie w spo\u0142eczno\u015bci Berenike. Dane archeozoologiczne w dyskursie dotycz\u0105cym to\u017csamo\u015bci i warto\u015bci w antyku\"},\"image\":{\"@id\":\"https:\/\/berenike.animals.uwr.edu.pl\/#\/schema\/logo\/image\/\"}}]}<\/script>\n<!-- \/ Yoast SEO plugin. -->","yoast_head_json":{"title":"Contact - Nie-ludzie w spo\u0142eczno\u015bci Berenike. Dane archeozoologiczne w dyskursie dotycz\u0105cym to\u017csamo\u015bci i warto\u015bci w antyku","robots":{"index":"index","follow":"follow","max-snippet":"max-snippet:-1","max-image-preview":"max-image-preview:large","max-video-preview":"max-video-preview:-1"},"canonical":"https:\/\/berenike.animals.uwr.edu.pl\/en\/kontakt\/","og_locale":"en_US","og_type":"article","og_title":"Contact - Nie-ludzie w spo\u0142eczno\u015bci Berenike. Dane archeozoologiczne w dyskursie dotycz\u0105cym to\u017csamo\u015bci i warto\u015bci w antyku","og_description":"Marta Osypi\u0144ska Address: Szewska 48, 50-139 Wroc\u0142aw Phone: +48 71 375 27 02 E-mail: marta.osypinska@uwr.edu.pl Website: https:\/\/berenike.animals.uwr.edu.pl\/","og_url":"https:\/\/berenike.animals.uwr.edu.pl\/en\/kontakt\/","og_site_name":"Nie-ludzie w spo\u0142eczno\u015bci Berenike. Dane archeozoologiczne w dyskursie dotycz\u0105cym to\u017csamo\u015bci i warto\u015bci w antyku","article_modified_time":"2024-05-20T16:38:01+00:00","og_image":[{"url":"https:\/\/archeo.mongolia.uwr.edu.pl\/wp-content\/uploads\/sites\/312\/2022\/11\/dom.png","type":"","width":"","height":""}],"twitter_card":"summary_large_image","twitter_misc":{"Est. reading time":"1 minute"},"schema":{"@context":"https:\/\/schema.org","@graph":[{"@type":"WebPage","@id":"https:\/\/berenike.animals.uwr.edu.pl\/en\/kontakt\/","url":"https:\/\/berenike.animals.uwr.edu.pl\/en\/kontakt\/","name":"Contact - Nie-ludzie w spo\u0142eczno\u015bci Berenike. Dane archeozoologiczne w dyskursie dotycz\u0105cym to\u017csamo\u015bci i warto\u015bci w antyku","isPartOf":{"@id":"https:\/\/berenike.animals.uwr.edu.pl\/#website"},"primaryImageOfPage":{"@id":"https:\/\/berenike.animals.uwr.edu.pl\/en\/kontakt\/#primaryimage"},"image":{"@id":"https:\/\/berenike.animals.uwr.edu.pl\/en\/kontakt\/#primaryimage"},"thumbnailUrl":"https:\/\/archeo.mongolia.uwr.edu.pl\/wp-content\/uploads\/sites\/312\/2022\/11\/dom.png","datePublished":"2024-05-20T16:37:56+00:00","dateModified":"2024-05-20T16:38:01+00:00","breadcrumb":{"@id":"https:\/\/berenike.animals.uwr.edu.pl\/en\/kontakt\/#breadcrumb"},"inLanguage":"en-US","potentialAction":[{"@type":"ReadAction","target":["https:\/\/berenike.animals.uwr.edu.pl\/en\/kontakt\/"]}]},{"@type":"ImageObject","inLanguage":"en-US","@id":"https:\/\/berenike.animals.uwr.edu.pl\/en\/kontakt\/#primaryimage","url":"https:\/\/archeo.mongolia.uwr.edu.pl\/wp-content\/uploads\/sites\/312\/2022\/11\/dom.png","contentUrl":"https:\/\/archeo.mongolia.uwr.edu.pl\/wp-content\/uploads\/sites\/312\/2022\/11\/dom.png"},{"@type":"BreadcrumbList","@id":"https:\/\/berenike.animals.uwr.edu.pl\/en\/kontakt\/#breadcrumb","itemListElement":[{"@type":"ListItem","position":1,"name":"Strona g\u0142\u00f3wna","item":"https:\/\/berenike.animals.uwr.edu.pl\/en\/"},{"@type":"ListItem","position":2,"name":"Contact"}]},{"@type":"WebSite","@id":"https:\/\/berenike.animals.uwr.edu.pl\/#website","url":"https:\/\/berenike.animals.uwr.edu.pl\/","name":"Nie-ludzie w spo\u0142eczno\u015bci Berenike. Dane archeozoologiczne w dyskursie dotycz\u0105cym to\u017csamo\u015bci i warto\u015bci w antyku","description":"Kolejna witryna sieci \u201eUWR Witryny\u201d","publisher":{"@id":"https:\/\/berenike.animals.uwr.edu.pl\/#organization"},"potentialAction":[{"@type":"SearchAction","target":{"@type":"EntryPoint","urlTemplate":"https:\/\/berenike.animals.uwr.edu.pl\/?s={search_term_string}"},"query-input":{"@type":"PropertyValueSpecification","valueRequired":true,"valueName":"search_term_string"}}],"inLanguage":"en-US"},{"@type":"Organization","@id":"https:\/\/berenike.animals.uwr.edu.pl\/#organization","name":"Nie-ludzie w spo\u0142eczno\u015bci Berenike. Dane archeozoologiczne w dyskursie dotycz\u0105cym to\u017csamo\u015bci i warto\u015bci w antyku","url":"https:\/\/berenike.animals.uwr.edu.pl\/","logo":{"@type":"ImageObject","inLanguage":"en-US","@id":"https:\/\/berenike.animals.uwr.edu.pl\/#\/schema\/logo\/image\/","url":"https:\/\/berenike.animals.uwr.edu.pl\/wp-content\/uploads\/sites\/519\/2025\/10\/UWr-logotyp-2025.png","contentUrl":"https:\/\/berenike.animals.uwr.edu.pl\/wp-content\/uploads\/sites\/519\/2025\/10\/UWr-logotyp-2025.png","width":764,"height":269,"caption":"Nie-ludzie w spo\u0142eczno\u015bci Berenike. Dane archeozoologiczne w dyskursie dotycz\u0105cym to\u017csamo\u015bci i warto\u015bci w antyku"},"image":{"@id":"https:\/\/berenike.animals.uwr.edu.pl\/#\/schema\/logo\/image\/"}}]}},"publishpress_future_action":{"enabled":false,"date":"2026-05-03 18:08:30","action":"change-status","newStatus":"draft","terms":[],"taxonomy":"category","extraData":[]},"publishpress_future_workflow_manual_trigger":{"enabledWorkflows":[]},"_links":{"self":[{"href":"https:\/\/berenike.animals.uwr.edu.pl\/en\/wp-json\/wp\/v2\/pages\/24951\/"}],"collection":[{"href":"https:\/\/berenike.animals.uwr.edu.pl\/en\/wp-json\/wp\/v2\/pages\/"}],"about":[{"href":"https:\/\/berenike.animals.uwr.edu.pl\/en\/wp-json\/wp\/v2\/types\/page\/"}],"author":[{"embeddable":true,"href":"https:\/\/berenike.animals.uwr.edu.pl\/en\/wp-json\/wp\/v2\/users\/840\/"}],"replies":[{"embeddable":true,"href":"https:\/\/berenike.animals.uwr.edu.pl\/en\/wp-json\/wp\/v2\/comments\/?post=24951"}],"version-history":[{"count":1,"href":"https:\/\/berenike.animals.uwr.edu.pl\/en\/wp-json\/wp\/v2\/pages\/24951\/revisions\/"}],"predecessor-version":[{"id":24954,"href":"https:\/\/berenike.animals.uwr.edu.pl\/en\/wp-json\/wp\/v2\/pages\/24951\/revisions\/24954\/"}],"wp:attachment":[{"href":"https:\/\/berenike.animals.uwr.edu.pl\/en\/wp-json\/wp\/v2\/media\/?parent=24951"}],"wp:term":[{"taxonomy":"category","embeddable":true,"href":"https:\/\/berenike.animals.uwr.edu.pl\/en\/wp-json\/wp\/v2\/categories\/?post=24951"},{"taxonomy":"post_tag","embeddable":true,"href":"https:\/\/berenike.animals.uwr.edu.pl\/en\/wp-json\/wp\/v2\/tags\/?post=24951"}],"curies":[{"name":"wp","href":"https:\/\/api.w.org\/{rel}","templated":true}]}}