{"id":25120,"date":"2024-06-11T08:22:18","date_gmt":"2024-06-11T06:22:18","guid":{"rendered":"https:\/\/berenike.animals.uwr.edu.pl\/publikacje\/"},"modified":"2024-06-11T09:45:27","modified_gmt":"2024-06-11T07:45:27","slug":"publikacje","status":"publish","type":"page","link":"https:\/\/berenike.animals.uwr.edu.pl\/en\/publikacje\/","title":{"rendered":"Publications"},"content":{"rendered":"\n<div class=\"wp-block-ugb-container ugb-container blok_nowa_podstrona ugb-8dda971 ugb-container--v2 ugb-container--design-plain ugb-main-block\"><div class=\"ugb-inner-block\"><div class=\"ugb-block-content\"><div class=\"ugb-container__wrapper ugb-8dda971-wrapper\"><div class=\"ugb-container__side\"><div class=\"ugb-container__content-wrapper ugb-8dda971-content-wrapper\">\n<div class=\"wp-block-columns bs-news-page is-layout-flex wp-block-columns-is-layout-flex\">\n<div class=\"wp-block-column bs-kontakt-photo is-layout-flow wp-block-column-is-layout-flow\">\n<figure class=\"wp-block-image aligncenter size-full is-resized\"><img loading=\"lazy\" decoding=\"async\" width=\"2560\" height=\"1920\" src=\"https:\/\/berenike.animals.uwr.edu.pl\/wp-content\/uploads\/sites\/519\/2024\/05\/P1370594-scaled.jpg\" alt=\"czaszka z wykopalisk, Berenike\" class=\"wp-image-24786\" style=\"width:584px;height:auto\" srcset=\"https:\/\/berenike.animals.uwr.edu.pl\/wp-content\/uploads\/sites\/519\/2024\/05\/P1370594-scaled.jpg 2560w, https:\/\/berenike.animals.uwr.edu.pl\/wp-content\/uploads\/sites\/519\/2024\/05\/P1370594-300x225.jpg 300w, https:\/\/berenike.animals.uwr.edu.pl\/wp-content\/uploads\/sites\/519\/2024\/05\/P1370594-1024x768.jpg 1024w, https:\/\/berenike.animals.uwr.edu.pl\/wp-content\/uploads\/sites\/519\/2024\/05\/P1370594-768x576.jpg 768w, https:\/\/berenike.animals.uwr.edu.pl\/wp-content\/uploads\/sites\/519\/2024\/05\/P1370594-1536x1152.jpg 1536w, https:\/\/berenike.animals.uwr.edu.pl\/wp-content\/uploads\/sites\/519\/2024\/05\/P1370594-2048x1536.jpg 2048w, https:\/\/berenike.animals.uwr.edu.pl\/wp-content\/uploads\/sites\/519\/2024\/05\/P1370594-1320x990.jpg 1320w, https:\/\/berenike.animals.uwr.edu.pl\/wp-content\/uploads\/sites\/519\/2024\/05\/P1370594-24x18.jpg 24w, https:\/\/berenike.animals.uwr.edu.pl\/wp-content\/uploads\/sites\/519\/2024\/05\/P1370594-36x27.jpg 36w, https:\/\/berenike.animals.uwr.edu.pl\/wp-content\/uploads\/sites\/519\/2024\/05\/P1370594-48x36.jpg 48w\" sizes=\"auto, (max-width: 2560px) 100vw, 2560px\" \/><\/figure>\n<\/div>\n\n\n\n<div class=\"wp-block-column bs-contact-right-column is-layout-flow wp-block-column-is-layout-flow\">\n<div class=\"wp-block-bonasoft-modular-breadcrumbs-block\"><div class=\"bs_add_breadcrumb_trail\"><\/div><\/div>\n\n\n\n<hr class=\"wp-block-separator has-text-color has-black-color has-css-opacity has-black-background-color has-background is-style-wide bs-border-kontakt\"\/>\n\n\n<h1 style=\"font-style:normal;font-weight:700;\" class=\"has-text-align-center bs-naglowek-podstrony wp-block-post-title\">Publications<\/h1>\n\n\n<p class=\"has-text-align-center\"><\/p>\n<\/div>\n<\/div>\n\n\n\n<div class=\"wp-block-ugb-container ugb-container bs-news-page-under ugb-f8694ce ugb-container--v2 ugb-container--design-plain ugb-main-block\"><div class=\"ugb-inner-block\"><div class=\"ugb-block-content\"><div class=\"ugb-container__wrapper ugb-f8694ce-wrapper\"><div class=\"ugb-container__side\"><div class=\"ugb-container__content-wrapper ugb-f8694ce-content-wrapper\">\n<p><\/p>\n\n\n\n<div id=\"komunikaty aktualnosci-block\" class=\"komunikaty aktualnosci-block \">\n            <div class=\"row row-first-block\">\n                    <div class=\"row row-grid-block\">\n                                    <div class=\"news-box box-number-2 news-box-color-1\">\n                        <a href=\"https:\/\/berenike.animals.uwr.edu.pl\/en\/2025\/11\/28\/a-centurions-monkey-companion-animals-for-the-social-elite-in-an-egyptian-port-on-the-fringes-of-the-roman-empire-in\/\">\n                            <div class=\"news-box-wrap\">\n\n                                <div class=\"news-box-header\">\n                                                                        <div class=\"news-box-background\" style=\"background-image: url('https:\/\/berenike.animals.uwr.edu.pl\/wp-content\/uploads\/sites\/519\/2025\/12\/journal_of-roman-archaeology_cover_small-1024x1024.jpg')\">\n                                        <div class=\"second-box-overlay\">\n                                            <div class=\"news-box-content\">\n                                                <span>We are pleased to announce that a new article by our research team has just been published in the prestigious Journal of Roman Archaeology, entitled: Centurion\u2019s monkey? Companion animals for [&#8230;]<\/span>\n                                            <\/div>\n                                        <\/div>\n                                    <\/div>\n                                <\/div>\n\n                                <div class=\"news-box-title\">\n                                    <h3>\n                                        A centurion\u2019s monkey? Companion animals for the social elite in [&#8230;]                                    <\/h3>\n                                <\/div>\n\n                            <\/div>\n                        <\/a>\n                    <\/div>\n                                                                            <div class=\"news-box box-number-2 news-box-color-2\">\n                        <a href=\"https:\/\/berenike.animals.uwr.edu.pl\/en\/2025\/08\/11\/a-roman-fibula-from-a-transcontinental-port-on-the-fringes-of-the-empire\/\">\n                            <div class=\"news-box-wrap\">\n\n                                <div class=\"news-box-header\">\n                                                                        <div class=\"news-box-background\" style=\"background-image: url('https:\/\/berenike.animals.uwr.edu.pl\/wp-content\/uploads\/sites\/519\/2025\/12\/antiquity_cover_small-1024x1024.jpg')\">\n                                        <div class=\"second-box-overlay\">\n                                            <div class=\"news-box-content\">\n                                                <span>We are pleased to announce that a new paper by our research team has just been published in the prestigious journal Antiquity, entitled A Roman fibula from a transcontinental port [&#8230;]<\/span>\n                                            <\/div>\n                                        <\/div>\n                                    <\/div>\n                                <\/div>\n\n                                <div class=\"news-box-title\">\n                                    <h3>\n                                        A Roman fibula from a transcontinental port on the fringes [&#8230;]                                    <\/h3>\n                                <\/div>\n\n                            <\/div>\n                        <\/a>\n                    <\/div>\n                                                                            <div class=\"news-box box-number-2 news-box-color-3\">\n                        <a href=\"https:\/\/berenike.animals.uwr.edu.pl\/en\/2024\/06\/11\/starozytny-cmentarz-jest-pelen-szkieletow-choc-nie-naleza-do-ludzi-znalezli-go-polscy-archeolodzy\/\">\n                            <div class=\"news-box-wrap\">\n\n                                <div class=\"news-box-header\">\n                                                                        <div class=\"news-box-background\" style=\"background-image: url('https:\/\/berenike.animals.uwr.edu.pl\/wp-content\/uploads\/sites\/519\/2024\/06\/focus_pl_kafel.jpg')\">\n                                        <div class=\"second-box-overlay\">\n                                            <div class=\"news-box-content\">\n                                                <span>An article about our research has been published on focus.pl. We highly encourage you to read it!<\/span>\n                                            <\/div>\n                                        <\/div>\n                                    <\/div>\n                                <\/div>\n\n                                <div class=\"news-box-title\">\n                                    <h3>\n                                        An ancient cemetery is filled with skeletons, but they do [&#8230;]                                    <\/h3>\n                                <\/div>\n\n                            <\/div>\n                        <\/a>\n                    <\/div>\n                                                                            <div class=\"news-box box-number-2 news-box-color-4\">\n                        <a href=\"https:\/\/berenike.animals.uwr.edu.pl\/en\/2024\/06\/11\/egipt-pochowki-malp-i-cielcow-odkryli-polacy-na-cmentarzysku-zwierzat-w-berenike\/\">\n                            <div class=\"news-box-wrap\">\n\n                                <div class=\"news-box-header\">\n                                                                        <div class=\"news-box-background\" style=\"background-image: url('https:\/\/berenike.animals.uwr.edu.pl\/wp-content\/uploads\/sites\/519\/2024\/06\/NaukaWPolsce_en_logo_kafel.jpg')\">\n                                        <div class=\"second-box-overlay\">\n                                            <div class=\"news-box-content\">\n                                                <span>An article about our research has been published on scienceinpoland.pl. We encourage you to read it! An international team led by Dr. Marta Osypi\u0144ska from the Institute of Archaeology at [&#8230;]<\/span>\n                                            <\/div>\n                                        <\/div>\n                                    <\/div>\n                                <\/div>\n\n                                <div class=\"news-box-title\">\n                                    <h3>\n                                        Polish archaeologists find graves of monkeys and calves in ancient [&#8230;]                                    <\/h3>\n                                <\/div>\n\n                            <\/div>\n                        <\/a>\n                    <\/div>\n                                                                            <div class=\"news-box box-number-2 news-box-color-5\">\n                        <a href=\"https:\/\/berenike.animals.uwr.edu.pl\/en\/2024\/05\/23\/nietypowe-papirusy-odkryte-w-egipcie-przez-polakow-kompletnie-niespodziewane\/\">\n                            <div class=\"news-box-wrap\">\n\n                                <div class=\"news-box-header\">\n                                                                        <div class=\"news-box-background\" style=\"background-image: url('https:\/\/berenike.animals.uwr.edu.pl\/wp-content\/uploads\/sites\/519\/2024\/06\/National-Geographic_pl_logo.jpg')\">\n                                        <div class=\"second-box-overlay\">\n                                            <div class=\"news-box-content\">\n                                                <span>National Geographic Poland has published an article about our latest discoveries in Berenike. We encourage you to read it!<\/span>\n                                            <\/div>\n                                        <\/div>\n                                    <\/div>\n                                <\/div>\n\n                                <div class=\"news-box-title\">\n                                    <h3>\n                                        Uncommon Papyri Discovered in Egypt by Polish Researchers. &#8216;Entirely Unanticipated&#8217;                                    <\/h3>\n                                <\/div>\n\n                            <\/div>\n                        <\/a>\n                    <\/div>\n                                                                    <\/div>\n                <\/div>\n<div class=\"clear\"><\/div>\n\n\n<\/div>\n\n\n<p><\/p>\n<\/div><\/div><\/div><\/div><\/div><\/div>\n<\/div><\/div><\/div><\/div><\/div><\/div>\n","protected":false},"excerpt":{"rendered":"","protected":false},"author":840,"featured_media":0,"parent":0,"menu_order":0,"comment_status":"closed","ping_status":"closed","template":"","meta":{"_acf_changed":false,"inline_featured_image":false,"site-sidebar-layout":"default","site-content-layout":"","ast-site-content-layout":"default","site-content-style":"default","site-sidebar-style":"default","ast-global-header-display":"","ast-banner-title-visibility":"","ast-main-header-display":"","ast-hfb-above-header-display":"","ast-hfb-below-header-display":"","ast-hfb-mobile-header-display":"","site-post-title":"","ast-breadcrumbs-content":"","ast-featured-img":"","footer-sml-layout":"","ast-disable-related-posts":"","theme-transparent-header-meta":"","adv-header-id-meta":"","stick-header-meta":"","header-above-stick-meta":"","header-main-stick-meta":"","header-below-stick-meta":"","astra-migrate-meta-layouts":"set","ast-page-background-enabled":"default","ast-page-background-meta":{"desktop":{"background-color":"","background-image":"","background-repeat":"repeat","background-position":"center center","background-size":"auto","background-attachment":"scroll","background-type":"","background-media":"","overlay-type":"","overlay-color":"","overlay-opacity":"","overlay-gradient":""},"tablet":{"background-color":"","background-image":"","background-repeat":"repeat","background-position":"center center","background-size":"auto","background-attachment":"scroll","background-type":"","background-media":"","overlay-type":"","overlay-color":"","overlay-opacity":"","overlay-gradient":""},"mobile":{"background-color":"","background-image":"","background-repeat":"repeat","background-position":"center center","background-size":"auto","background-attachment":"scroll","background-type":"","background-media":"","overlay-type":"","overlay-color":"","overlay-opacity":"","overlay-gradient":""}},"ast-content-background-meta":{"desktop":{"background-color":"var(--ast-global-color-5)","background-image":"","background-repeat":"repeat","background-position":"center center","background-size":"auto","background-attachment":"scroll","background-type":"","background-media":"","overlay-type":"","overlay-color":"","overlay-opacity":"","overlay-gradient":""},"tablet":{"background-color":"var(--ast-global-color-5)","background-image":"","background-repeat":"repeat","background-position":"center center","background-size":"auto","background-attachment":"scroll","background-type":"","background-media":"","overlay-type":"","overlay-color":"","overlay-opacity":"","overlay-gradient":""},"mobile":{"background-color":"var(--ast-global-color-5)","background-image":"","background-repeat":"repeat","background-position":"center center","background-size":"auto","background-attachment":"scroll","background-type":"","background-media":"","overlay-type":"","overlay-color":"","overlay-opacity":"","overlay-gradient":""}},"footnotes":""},"categories":[],"tags":[],"class_list":["post-25120","page","type-page","status-publish","hentry"],"featured_image_urls_v2":{"full":"","thumbnail":"","medium":"","medium_large":"","large":"","1536x1536":"","2048x2048":"","menu-24x24":"","menu-36x36":"","menu-48x48":""},"post_excerpt_stackable_v2":"<p>Publications We are pleased to announce that a new article by our research team has just been published in the prestigious Journal of Roman Archaeology, entitled: Centurion\u2019s monkey? Companion animals for [&#8230;] A centurion\u2019s monkey? Companion animals for the social elite in [&#8230;] We are pleased to announce that a new paper by our research team has just been published in the prestigious journal Antiquity, entitled A Roman fibula from a transcontinental port [&#8230;] A Roman fibula from a transcontinental port on the fringes [&#8230;] An article about our research has been published on focus.pl. We highly encourage you to&hellip;<\/p>\n","category_list_v2":"Uncategorized","author_info_v2":{"name":"marek.grzeskowiak2@uwr.edu.pl","url":"https:\/\/berenike.animals.uwr.edu.pl\/en\/author\/marek-grzeskowiak2uwr-edu-pl\/"},"comments_num_v2":"0 comments","acf":[],"yoast_head":"<!-- This site is optimized with the Yoast SEO plugin v27.1.1 - https:\/\/yoast.com\/product\/yoast-seo-wordpress\/ -->\n<title>Publications - Nie-ludzie w spo\u0142eczno\u015bci Berenike. Dane archeozoologiczne w dyskursie dotycz\u0105cym to\u017csamo\u015bci i warto\u015bci w antyku<\/title>\n<meta name=\"robots\" content=\"index, follow, max-snippet:-1, max-image-preview:large, max-video-preview:-1\" \/>\n<link rel=\"canonical\" href=\"https:\/\/berenike.animals.uwr.edu.pl\/en\/publikacje\/\" \/>\n<meta property=\"og:locale\" content=\"en_US\" \/>\n<meta property=\"og:type\" content=\"article\" \/>\n<meta property=\"og:title\" content=\"Publications - Nie-ludzie w spo\u0142eczno\u015bci Berenike. Dane archeozoologiczne w dyskursie dotycz\u0105cym to\u017csamo\u015bci i warto\u015bci w antyku\" \/>\n<meta property=\"og:url\" content=\"https:\/\/berenike.animals.uwr.edu.pl\/en\/publikacje\/\" \/>\n<meta property=\"og:site_name\" content=\"Nie-ludzie w spo\u0142eczno\u015bci Berenike. Dane archeozoologiczne w dyskursie dotycz\u0105cym to\u017csamo\u015bci i warto\u015bci w antyku\" \/>\n<meta property=\"article:modified_time\" content=\"2024-06-11T07:45:27+00:00\" \/>\n<meta property=\"og:image\" content=\"https:\/\/berenike.animals.uwr.edu.pl\/wp-content\/uploads\/sites\/519\/2024\/05\/P1370594-scaled.jpg\" \/>\n<meta name=\"twitter:card\" content=\"summary_large_image\" \/>\n<meta name=\"twitter:label1\" content=\"Est. reading time\" \/>\n\t<meta name=\"twitter:data1\" content=\"1 minute\" \/>\n<script type=\"application\/ld+json\" class=\"yoast-schema-graph\">{\"@context\":\"https:\/\/schema.org\",\"@graph\":[{\"@type\":\"WebPage\",\"@id\":\"https:\/\/berenike.animals.uwr.edu.pl\/en\/publikacje\/\",\"url\":\"https:\/\/berenike.animals.uwr.edu.pl\/en\/publikacje\/\",\"name\":\"Publications - Nie-ludzie w spo\u0142eczno\u015bci Berenike. Dane archeozoologiczne w dyskursie dotycz\u0105cym to\u017csamo\u015bci i warto\u015bci w antyku\",\"isPartOf\":{\"@id\":\"https:\/\/berenike.animals.uwr.edu.pl\/#website\"},\"primaryImageOfPage\":{\"@id\":\"https:\/\/berenike.animals.uwr.edu.pl\/en\/publikacje\/#primaryimage\"},\"image\":{\"@id\":\"https:\/\/berenike.animals.uwr.edu.pl\/en\/publikacje\/#primaryimage\"},\"thumbnailUrl\":\"https:\/\/berenike.animals.uwr.edu.pl\/wp-content\/uploads\/sites\/519\/2024\/05\/P1370594-scaled.jpg\",\"datePublished\":\"2024-06-11T06:22:18+00:00\",\"dateModified\":\"2024-06-11T07:45:27+00:00\",\"breadcrumb\":{\"@id\":\"https:\/\/berenike.animals.uwr.edu.pl\/en\/publikacje\/#breadcrumb\"},\"inLanguage\":\"en-US\",\"potentialAction\":[{\"@type\":\"ReadAction\",\"target\":[\"https:\/\/berenike.animals.uwr.edu.pl\/en\/publikacje\/\"]}]},{\"@type\":\"ImageObject\",\"inLanguage\":\"en-US\",\"@id\":\"https:\/\/berenike.animals.uwr.edu.pl\/en\/publikacje\/#primaryimage\",\"url\":\"https:\/\/berenike.animals.uwr.edu.pl\/wp-content\/uploads\/sites\/519\/2024\/05\/P1370594-scaled.jpg\",\"contentUrl\":\"https:\/\/berenike.animals.uwr.edu.pl\/wp-content\/uploads\/sites\/519\/2024\/05\/P1370594-scaled.jpg\"},{\"@type\":\"BreadcrumbList\",\"@id\":\"https:\/\/berenike.animals.uwr.edu.pl\/en\/publikacje\/#breadcrumb\",\"itemListElement\":[{\"@type\":\"ListItem\",\"position\":1,\"name\":\"Strona g\u0142\u00f3wna\",\"item\":\"https:\/\/berenike.animals.uwr.edu.pl\/en\/\"},{\"@type\":\"ListItem\",\"position\":2,\"name\":\"Publications\"}]},{\"@type\":\"WebSite\",\"@id\":\"https:\/\/berenike.animals.uwr.edu.pl\/#website\",\"url\":\"https:\/\/berenike.animals.uwr.edu.pl\/\",\"name\":\"Nie-ludzie w spo\u0142eczno\u015bci Berenike. Dane archeozoologiczne w dyskursie dotycz\u0105cym to\u017csamo\u015bci i warto\u015bci w antyku\",\"description\":\"Kolejna witryna sieci \u201eUWR Witryny\u201d\",\"publisher\":{\"@id\":\"https:\/\/berenike.animals.uwr.edu.pl\/#organization\"},\"potentialAction\":[{\"@type\":\"SearchAction\",\"target\":{\"@type\":\"EntryPoint\",\"urlTemplate\":\"https:\/\/berenike.animals.uwr.edu.pl\/?s={search_term_string}\"},\"query-input\":{\"@type\":\"PropertyValueSpecification\",\"valueRequired\":true,\"valueName\":\"search_term_string\"}}],\"inLanguage\":\"en-US\"},{\"@type\":\"Organization\",\"@id\":\"https:\/\/berenike.animals.uwr.edu.pl\/#organization\",\"name\":\"Nie-ludzie w spo\u0142eczno\u015bci Berenike. Dane archeozoologiczne w dyskursie dotycz\u0105cym to\u017csamo\u015bci i warto\u015bci w antyku\",\"url\":\"https:\/\/berenike.animals.uwr.edu.pl\/\",\"logo\":{\"@type\":\"ImageObject\",\"inLanguage\":\"en-US\",\"@id\":\"https:\/\/berenike.animals.uwr.edu.pl\/#\/schema\/logo\/image\/\",\"url\":\"https:\/\/berenike.animals.uwr.edu.pl\/wp-content\/uploads\/sites\/519\/2025\/10\/UWr-logotyp-2025.png\",\"contentUrl\":\"https:\/\/berenike.animals.uwr.edu.pl\/wp-content\/uploads\/sites\/519\/2025\/10\/UWr-logotyp-2025.png\",\"width\":764,\"height\":269,\"caption\":\"Nie-ludzie w spo\u0142eczno\u015bci Berenike. Dane archeozoologiczne w dyskursie dotycz\u0105cym to\u017csamo\u015bci i warto\u015bci w antyku\"},\"image\":{\"@id\":\"https:\/\/berenike.animals.uwr.edu.pl\/#\/schema\/logo\/image\/\"}}]}<\/script>\n<!-- \/ Yoast SEO plugin. -->","yoast_head_json":{"title":"Publications - Nie-ludzie w spo\u0142eczno\u015bci Berenike. Dane archeozoologiczne w dyskursie dotycz\u0105cym to\u017csamo\u015bci i warto\u015bci w antyku","robots":{"index":"index","follow":"follow","max-snippet":"max-snippet:-1","max-image-preview":"max-image-preview:large","max-video-preview":"max-video-preview:-1"},"canonical":"https:\/\/berenike.animals.uwr.edu.pl\/en\/publikacje\/","og_locale":"en_US","og_type":"article","og_title":"Publications - Nie-ludzie w spo\u0142eczno\u015bci Berenike. Dane archeozoologiczne w dyskursie dotycz\u0105cym to\u017csamo\u015bci i warto\u015bci w antyku","og_url":"https:\/\/berenike.animals.uwr.edu.pl\/en\/publikacje\/","og_site_name":"Nie-ludzie w spo\u0142eczno\u015bci Berenike. Dane archeozoologiczne w dyskursie dotycz\u0105cym to\u017csamo\u015bci i warto\u015bci w antyku","article_modified_time":"2024-06-11T07:45:27+00:00","og_image":[{"url":"https:\/\/berenike.animals.uwr.edu.pl\/wp-content\/uploads\/sites\/519\/2024\/05\/P1370594-scaled.jpg","type":"","width":"","height":""}],"twitter_card":"summary_large_image","twitter_misc":{"Est. reading time":"1 minute"},"schema":{"@context":"https:\/\/schema.org","@graph":[{"@type":"WebPage","@id":"https:\/\/berenike.animals.uwr.edu.pl\/en\/publikacje\/","url":"https:\/\/berenike.animals.uwr.edu.pl\/en\/publikacje\/","name":"Publications - Nie-ludzie w spo\u0142eczno\u015bci Berenike. Dane archeozoologiczne w dyskursie dotycz\u0105cym to\u017csamo\u015bci i warto\u015bci w antyku","isPartOf":{"@id":"https:\/\/berenike.animals.uwr.edu.pl\/#website"},"primaryImageOfPage":{"@id":"https:\/\/berenike.animals.uwr.edu.pl\/en\/publikacje\/#primaryimage"},"image":{"@id":"https:\/\/berenike.animals.uwr.edu.pl\/en\/publikacje\/#primaryimage"},"thumbnailUrl":"https:\/\/berenike.animals.uwr.edu.pl\/wp-content\/uploads\/sites\/519\/2024\/05\/P1370594-scaled.jpg","datePublished":"2024-06-11T06:22:18+00:00","dateModified":"2024-06-11T07:45:27+00:00","breadcrumb":{"@id":"https:\/\/berenike.animals.uwr.edu.pl\/en\/publikacje\/#breadcrumb"},"inLanguage":"en-US","potentialAction":[{"@type":"ReadAction","target":["https:\/\/berenike.animals.uwr.edu.pl\/en\/publikacje\/"]}]},{"@type":"ImageObject","inLanguage":"en-US","@id":"https:\/\/berenike.animals.uwr.edu.pl\/en\/publikacje\/#primaryimage","url":"https:\/\/berenike.animals.uwr.edu.pl\/wp-content\/uploads\/sites\/519\/2024\/05\/P1370594-scaled.jpg","contentUrl":"https:\/\/berenike.animals.uwr.edu.pl\/wp-content\/uploads\/sites\/519\/2024\/05\/P1370594-scaled.jpg"},{"@type":"BreadcrumbList","@id":"https:\/\/berenike.animals.uwr.edu.pl\/en\/publikacje\/#breadcrumb","itemListElement":[{"@type":"ListItem","position":1,"name":"Strona g\u0142\u00f3wna","item":"https:\/\/berenike.animals.uwr.edu.pl\/en\/"},{"@type":"ListItem","position":2,"name":"Publications"}]},{"@type":"WebSite","@id":"https:\/\/berenike.animals.uwr.edu.pl\/#website","url":"https:\/\/berenike.animals.uwr.edu.pl\/","name":"Nie-ludzie w spo\u0142eczno\u015bci Berenike. Dane archeozoologiczne w dyskursie dotycz\u0105cym to\u017csamo\u015bci i warto\u015bci w antyku","description":"Kolejna witryna sieci \u201eUWR Witryny\u201d","publisher":{"@id":"https:\/\/berenike.animals.uwr.edu.pl\/#organization"},"potentialAction":[{"@type":"SearchAction","target":{"@type":"EntryPoint","urlTemplate":"https:\/\/berenike.animals.uwr.edu.pl\/?s={search_term_string}"},"query-input":{"@type":"PropertyValueSpecification","valueRequired":true,"valueName":"search_term_string"}}],"inLanguage":"en-US"},{"@type":"Organization","@id":"https:\/\/berenike.animals.uwr.edu.pl\/#organization","name":"Nie-ludzie w spo\u0142eczno\u015bci Berenike. Dane archeozoologiczne w dyskursie dotycz\u0105cym to\u017csamo\u015bci i warto\u015bci w antyku","url":"https:\/\/berenike.animals.uwr.edu.pl\/","logo":{"@type":"ImageObject","inLanguage":"en-US","@id":"https:\/\/berenike.animals.uwr.edu.pl\/#\/schema\/logo\/image\/","url":"https:\/\/berenike.animals.uwr.edu.pl\/wp-content\/uploads\/sites\/519\/2025\/10\/UWr-logotyp-2025.png","contentUrl":"https:\/\/berenike.animals.uwr.edu.pl\/wp-content\/uploads\/sites\/519\/2025\/10\/UWr-logotyp-2025.png","width":764,"height":269,"caption":"Nie-ludzie w spo\u0142eczno\u015bci Berenike. Dane archeozoologiczne w dyskursie dotycz\u0105cym to\u017csamo\u015bci i warto\u015bci w antyku"},"image":{"@id":"https:\/\/berenike.animals.uwr.edu.pl\/#\/schema\/logo\/image\/"}}]}},"publishpress_future_action":{"enabled":false,"date":"2026-05-03 18:08:16","action":"change-status","newStatus":"draft","terms":[],"taxonomy":"category","extraData":[]},"publishpress_future_workflow_manual_trigger":{"enabledWorkflows":[]},"_links":{"self":[{"href":"https:\/\/berenike.animals.uwr.edu.pl\/en\/wp-json\/wp\/v2\/pages\/25120\/"}],"collection":[{"href":"https:\/\/berenike.animals.uwr.edu.pl\/en\/wp-json\/wp\/v2\/pages\/"}],"about":[{"href":"https:\/\/berenike.animals.uwr.edu.pl\/en\/wp-json\/wp\/v2\/types\/page\/"}],"author":[{"embeddable":true,"href":"https:\/\/berenike.animals.uwr.edu.pl\/en\/wp-json\/wp\/v2\/users\/840\/"}],"replies":[{"embeddable":true,"href":"https:\/\/berenike.animals.uwr.edu.pl\/en\/wp-json\/wp\/v2\/comments\/?post=25120"}],"version-history":[{"count":1,"href":"https:\/\/berenike.animals.uwr.edu.pl\/en\/wp-json\/wp\/v2\/pages\/25120\/revisions\/"}],"predecessor-version":[{"id":25123,"href":"https:\/\/berenike.animals.uwr.edu.pl\/en\/wp-json\/wp\/v2\/pages\/25120\/revisions\/25123\/"}],"wp:attachment":[{"href":"https:\/\/berenike.animals.uwr.edu.pl\/en\/wp-json\/wp\/v2\/media\/?parent=25120"}],"wp:term":[{"taxonomy":"category","embeddable":true,"href":"https:\/\/berenike.animals.uwr.edu.pl\/en\/wp-json\/wp\/v2\/categories\/?post=25120"},{"taxonomy":"post_tag","embeddable":true,"href":"https:\/\/berenike.animals.uwr.edu.pl\/en\/wp-json\/wp\/v2\/tags\/?post=25120"}],"curies":[{"name":"wp","href":"https:\/\/api.w.org\/{rel}","templated":true}]}}