{"id":25474,"date":"2025-02-09T13:44:03","date_gmt":"2025-02-09T12:44:03","guid":{"rendered":"https:\/\/berenike.animals.uwr.edu.pl\/aktualnosci\/"},"modified":"2025-02-09T14:18:35","modified_gmt":"2025-02-09T13:18:35","slug":"news","status":"publish","type":"page","link":"https:\/\/berenike.animals.uwr.edu.pl\/en\/news\/","title":{"rendered":"News"},"content":{"rendered":"\n<div id=\"komunikaty aktualnosci-block\" class=\"komunikaty aktualnosci-block \">\n            <h2 class=\"komunikaty aktualnosci-block-naglowek\">News<\/h2>\n            <div class=\"row row-first-block\">\n                    <div class=\"row row-grid-block\">\n                                    <div class=\"news-box box-number-2 news-box-color-1\">\n                        <a href=\"https:\/\/berenike.animals.uwr.edu.pl\/en\/2025\/01\/28\/stypendystki-nawa-w-kairze-naukowe-badania-pod-opieka-prof-osypinskiej\/\">\n                            <div class=\"news-box-wrap\">\n\n                                <div class=\"news-box-header\">\n                                                                        <div class=\"news-box-background\" style=\"background-image: url('https:\/\/berenike.animals.uwr.edu.pl\/wp-content\/uploads\/sites\/519\/2025\/02\/NAWA-logo-en-43.jpg')\">\n                                        <div class=\"second-box-overlay\">\n                                            <div class=\"news-box-content\">\n                                                <span>Two graduate students from the Institute of Archaeology at the University of Wroc\u0142aw certainly cannot complain about the winter weather, as they have been in Cairo since 4 January. Aleksandra [&#8230;]<\/span>\n                                            <\/div>\n                                        <\/div>\n                                    <\/div>\n                                <\/div>\n\n                                <div class=\"news-box-title\">\n                                    <h3>\n                                        NAWA Scholarship Holders in Cairo \u2013 Research Conducted Under the [&#8230;]                                    <\/h3>\n                                <\/div>\n\n                            <\/div>\n                        <\/a>\n                    <\/div>\n                                                                            <div class=\"news-box box-number-2 news-box-color-2\">\n                        <a href=\"https:\/\/berenike.animals.uwr.edu.pl\/en\/2025\/01\/21\/zespol-prof-marty-osypinskiej-laureatem-nagrody-archeologii-zywej-za-odkrycie-w-berenike\/\">\n                            <div class=\"news-box-wrap\">\n\n                                <div class=\"news-box-header\">\n                                                                        <div class=\"news-box-background\" style=\"background-image: url('https:\/\/berenike.animals.uwr.edu.pl\/wp-content\/uploads\/sites\/519\/2025\/02\/Archeologia-Zywa-logo-43.jpg')\">\n                                        <div class=\"second-box-overlay\">\n                                            <div class=\"news-box-content\">\n                                                <span>The research team led by Professor Marta Osypi\u0144ska has been honoured with an award in the poll organised by the archaeological magazine Archeologia \u017bywa in the category of \u2018Greatest Treasure [&#8230;]<\/span>\n                                            <\/div>\n                                        <\/div>\n                                    <\/div>\n                                <\/div>\n\n                                <div class=\"news-box-title\">\n                                    <h3>\n                                        Professor Marta Osypi\u0144ska\u2019s Team Wins Archeologia \u017bywa Award for Discovery [&#8230;]                                    <\/h3>\n                                <\/div>\n\n                            <\/div>\n                        <\/a>\n                    <\/div>\n                                                                            <div class=\"news-box box-number-2 news-box-color-3\">\n                        <a href=\"https:\/\/berenike.animals.uwr.edu.pl\/en\/2025\/01\/07\/nowy-sezon-wykopaliskowy-w-egipcie-czas-start\/\">\n                            <div class=\"news-box-wrap\">\n\n                                <div class=\"news-box-header\">\n                                                                        <div class=\"news-box-background\" style=\"background-image: url('https:\/\/berenike.animals.uwr.edu.pl\/wp-content\/uploads\/sites\/519\/2025\/02\/001-2.jpg')\">\n                                        <div class=\"second-box-overlay\">\n                                            <div class=\"news-box-content\">\n                                                <span>Our archaeological expedition has just commenced work at the Roman-period (1st\u20132nd century CE) animal necropolis in Berenike, Egypt. The project\u2014a consortium of the Institute of Archaeology at the University of [&#8230;]<\/span>\n                                            <\/div>\n                                        <\/div>\n                                    <\/div>\n                                <\/div>\n\n                                <div class=\"news-box-title\">\n                                    <h3>\n                                        New Excavation Season in Egypt \u2013 Let\u2019s Begin!                                    <\/h3>\n                                <\/div>\n\n                            <\/div>\n                        <\/a>\n                    <\/div>\n                                                                            <div class=\"news-box box-number-2 news-box-color-4\">\n                        <a href=\"https:\/\/berenike.animals.uwr.edu.pl\/en\/2024\/05\/06\/malpy-centurion-i-quo-vadis-wykopaliska-w-egipskim-berenike\/\">\n                            <div class=\"news-box-wrap\">\n\n                                <div class=\"news-box-header\">\n                                                                        <div class=\"news-box-background\" style=\"background-image: url('https:\/\/berenike.animals.uwr.edu.pl\/wp-content\/uploads\/sites\/519\/2025\/02\/007-1024x768.jpg')\">\n                                        <div class=\"second-box-overlay\">\n                                            <div class=\"news-box-content\">\n                                                <span>An international team of researchers, led by Professor Marta Osypi\u0144ska as part of a grant from the UWr and PCMA UW consortium, resumed investigations last season at a unique site [&#8230;]<\/span>\n                                            <\/div>\n                                        <\/div>\n                                    <\/div>\n                                <\/div>\n\n                                <div class=\"news-box-title\">\n                                    <h3>\n                                        Monkeys, a Centurion, and Quo Vadis: Excavations in Egypt\u2019s Berenike                                    <\/h3>\n                                <\/div>\n\n                            <\/div>\n                        <\/a>\n                    <\/div>\n                                                                            <div class=\"news-box box-number-2 news-box-color-5\">\n                        <a href=\"https:\/\/berenike.animals.uwr.edu.pl\/en\/2023\/12\/12\/berenike-miasto-ludzi-i-zwierzat-nowy-etap-badan-na-antycznym-cmentarzysku\/\">\n                            <div class=\"news-box-wrap\">\n\n                                <div class=\"news-box-header\">\n                                                                        <div class=\"news-box-background\" style=\"background-image: url('https:\/\/berenike.animals.uwr.edu.pl\/wp-content\/uploads\/sites\/519\/2025\/02\/005-1024x768.jpg')\">\n                                        <div class=\"second-box-overlay\">\n                                            <div class=\"news-box-content\">\n                                                <span>Excavations have just begun in Berenike, at the site of a unique ancient animal cemetery. The project is led by Dr hab. Marta Osypi\u0144ska from the Institute of Archaeology at [&#8230;]<\/span>\n                                            <\/div>\n                                        <\/div>\n                                    <\/div>\n                                <\/div>\n\n                                <div class=\"news-box-title\">\n                                    <h3>\n                                        Berenike \u2013 A City of Humans and Animals. A New [&#8230;]                                    <\/h3>\n                                <\/div>\n\n                            <\/div>\n                        <\/a>\n                    <\/div>\n                                                                    <\/div>\n                <\/div>\n<div class=\"clear\"><\/div>\n\n\n<\/div>\n\n\n<p><\/p>\n","protected":false},"excerpt":{"rendered":"","protected":false},"author":840,"featured_media":0,"parent":0,"menu_order":0,"comment_status":"closed","ping_status":"closed","template":"","meta":{"_acf_changed":false,"inline_featured_image":false,"site-sidebar-layout":"default","site-content-layout":"","ast-site-content-layout":"default","site-content-style":"default","site-sidebar-style":"default","ast-global-header-display":"","ast-banner-title-visibility":"","ast-main-header-display":"","ast-hfb-above-header-display":"","ast-hfb-below-header-display":"","ast-hfb-mobile-header-display":"","site-post-title":"","ast-breadcrumbs-content":"","ast-featured-img":"","footer-sml-layout":"","ast-disable-related-posts":"","theme-transparent-header-meta":"","adv-header-id-meta":"","stick-header-meta":"","header-above-stick-meta":"","header-main-stick-meta":"","header-below-stick-meta":"","astra-migrate-meta-layouts":"set","ast-page-background-enabled":"default","ast-page-background-meta":{"desktop":{"background-color":"","background-image":"","background-repeat":"repeat","background-position":"center center","background-size":"auto","background-attachment":"scroll","background-type":"","background-media":"","overlay-type":"","overlay-color":"","overlay-opacity":"","overlay-gradient":""},"tablet":{"background-color":"","background-image":"","background-repeat":"repeat","background-position":"center center","background-size":"auto","background-attachment":"scroll","background-type":"","background-media":"","overlay-type":"","overlay-color":"","overlay-opacity":"","overlay-gradient":""},"mobile":{"background-color":"","background-image":"","background-repeat":"repeat","background-position":"center center","background-size":"auto","background-attachment":"scroll","background-type":"","background-media":"","overlay-type":"","overlay-color":"","overlay-opacity":"","overlay-gradient":""}},"ast-content-background-meta":{"desktop":{"background-color":"var(--ast-global-color-5)","background-image":"","background-repeat":"repeat","background-position":"center center","background-size":"auto","background-attachment":"scroll","background-type":"","background-media":"","overlay-type":"","overlay-color":"","overlay-opacity":"","overlay-gradient":""},"tablet":{"background-color":"var(--ast-global-color-5)","background-image":"","background-repeat":"repeat","background-position":"center center","background-size":"auto","background-attachment":"scroll","background-type":"","background-media":"","overlay-type":"","overlay-color":"","overlay-opacity":"","overlay-gradient":""},"mobile":{"background-color":"var(--ast-global-color-5)","background-image":"","background-repeat":"repeat","background-position":"center center","background-size":"auto","background-attachment":"scroll","background-type":"","background-media":"","overlay-type":"","overlay-color":"","overlay-opacity":"","overlay-gradient":""}},"footnotes":""},"categories":[],"tags":[277],"class_list":["post-25474","page","type-page","status-publish","hentry","tag-aktualnosci-en"],"featured_image_urls_v2":{"full":"","thumbnail":"","medium":"","medium_large":"","large":"","1536x1536":"","2048x2048":"","menu-24x24":"","menu-36x36":"","menu-48x48":""},"post_excerpt_stackable_v2":"<p>News Two graduate students from the Institute of Archaeology at the University of Wroc\u0142aw certainly cannot complain about the winter weather, as they have been in Cairo since 4 January. Aleksandra [&#8230;] NAWA Scholarship Holders in Cairo \u2013 Research Conducted Under the [&#8230;] The research team led by Professor Marta Osypi\u0144ska has been honoured with an award in the poll organised by the archaeological magazine Archeologia \u017bywa in the category of \u2018Greatest Treasure [&#8230;] Professor Marta Osypi\u0144ska\u2019s Team Wins Archeologia \u017bywa Award for Discovery [&#8230;] Our archaeological expedition has just commenced work at the Roman-period (1st\u20132nd century CE) animal necropolis&hellip;<\/p>\n","category_list_v2":"Uncategorized","author_info_v2":{"name":"marek.grzeskowiak2@uwr.edu.pl","url":"https:\/\/berenike.animals.uwr.edu.pl\/en\/author\/marek-grzeskowiak2uwr-edu-pl\/"},"comments_num_v2":"0 comments","acf":[],"yoast_head":"<!-- This site is optimized with the Yoast SEO plugin v27.1.1 - https:\/\/yoast.com\/product\/yoast-seo-wordpress\/ -->\n<title>News - Nie-ludzie w spo\u0142eczno\u015bci Berenike. Dane archeozoologiczne w dyskursie dotycz\u0105cym to\u017csamo\u015bci i warto\u015bci w antyku<\/title>\n<meta name=\"robots\" content=\"index, follow, max-snippet:-1, max-image-preview:large, max-video-preview:-1\" \/>\n<link rel=\"canonical\" href=\"https:\/\/berenike.animals.uwr.edu.pl\/en\/news\/\" \/>\n<meta property=\"og:locale\" content=\"en_US\" \/>\n<meta property=\"og:type\" content=\"article\" \/>\n<meta property=\"og:title\" content=\"News - Nie-ludzie w spo\u0142eczno\u015bci Berenike. Dane archeozoologiczne w dyskursie dotycz\u0105cym to\u017csamo\u015bci i warto\u015bci w antyku\" \/>\n<meta property=\"og:url\" content=\"https:\/\/berenike.animals.uwr.edu.pl\/en\/news\/\" \/>\n<meta property=\"og:site_name\" content=\"Nie-ludzie w spo\u0142eczno\u015bci Berenike. Dane archeozoologiczne w dyskursie dotycz\u0105cym to\u017csamo\u015bci i warto\u015bci w antyku\" \/>\n<meta property=\"article:modified_time\" content=\"2025-02-09T13:18:35+00:00\" \/>\n<meta name=\"twitter:card\" content=\"summary_large_image\" \/>\n<script type=\"application\/ld+json\" class=\"yoast-schema-graph\">{\"@context\":\"https:\/\/schema.org\",\"@graph\":[{\"@type\":\"WebPage\",\"@id\":\"https:\/\/berenike.animals.uwr.edu.pl\/en\/news\/\",\"url\":\"https:\/\/berenike.animals.uwr.edu.pl\/en\/news\/\",\"name\":\"News - Nie-ludzie w spo\u0142eczno\u015bci Berenike. Dane archeozoologiczne w dyskursie dotycz\u0105cym to\u017csamo\u015bci i warto\u015bci w antyku\",\"isPartOf\":{\"@id\":\"https:\/\/berenike.animals.uwr.edu.pl\/#website\"},\"datePublished\":\"2025-02-09T12:44:03+00:00\",\"dateModified\":\"2025-02-09T13:18:35+00:00\",\"breadcrumb\":{\"@id\":\"https:\/\/berenike.animals.uwr.edu.pl\/en\/news\/#breadcrumb\"},\"inLanguage\":\"en-US\",\"potentialAction\":[{\"@type\":\"ReadAction\",\"target\":[\"https:\/\/berenike.animals.uwr.edu.pl\/en\/news\/\"]}]},{\"@type\":\"BreadcrumbList\",\"@id\":\"https:\/\/berenike.animals.uwr.edu.pl\/en\/news\/#breadcrumb\",\"itemListElement\":[{\"@type\":\"ListItem\",\"position\":1,\"name\":\"Strona g\u0142\u00f3wna\",\"item\":\"https:\/\/berenike.animals.uwr.edu.pl\/en\/\"},{\"@type\":\"ListItem\",\"position\":2,\"name\":\"News\"}]},{\"@type\":\"WebSite\",\"@id\":\"https:\/\/berenike.animals.uwr.edu.pl\/#website\",\"url\":\"https:\/\/berenike.animals.uwr.edu.pl\/\",\"name\":\"Nie-ludzie w spo\u0142eczno\u015bci Berenike. Dane archeozoologiczne w dyskursie dotycz\u0105cym to\u017csamo\u015bci i warto\u015bci w antyku\",\"description\":\"Kolejna witryna sieci \u201eUWR Witryny\u201d\",\"publisher\":{\"@id\":\"https:\/\/berenike.animals.uwr.edu.pl\/#organization\"},\"potentialAction\":[{\"@type\":\"SearchAction\",\"target\":{\"@type\":\"EntryPoint\",\"urlTemplate\":\"https:\/\/berenike.animals.uwr.edu.pl\/?s={search_term_string}\"},\"query-input\":{\"@type\":\"PropertyValueSpecification\",\"valueRequired\":true,\"valueName\":\"search_term_string\"}}],\"inLanguage\":\"en-US\"},{\"@type\":\"Organization\",\"@id\":\"https:\/\/berenike.animals.uwr.edu.pl\/#organization\",\"name\":\"Nie-ludzie w spo\u0142eczno\u015bci Berenike. Dane archeozoologiczne w dyskursie dotycz\u0105cym to\u017csamo\u015bci i warto\u015bci w antyku\",\"url\":\"https:\/\/berenike.animals.uwr.edu.pl\/\",\"logo\":{\"@type\":\"ImageObject\",\"inLanguage\":\"en-US\",\"@id\":\"https:\/\/berenike.animals.uwr.edu.pl\/#\/schema\/logo\/image\/\",\"url\":\"https:\/\/berenike.animals.uwr.edu.pl\/wp-content\/uploads\/sites\/519\/2025\/10\/UWr-logotyp-2025.png\",\"contentUrl\":\"https:\/\/berenike.animals.uwr.edu.pl\/wp-content\/uploads\/sites\/519\/2025\/10\/UWr-logotyp-2025.png\",\"width\":764,\"height\":269,\"caption\":\"Nie-ludzie w spo\u0142eczno\u015bci Berenike. Dane archeozoologiczne w dyskursie dotycz\u0105cym to\u017csamo\u015bci i warto\u015bci w antyku\"},\"image\":{\"@id\":\"https:\/\/berenike.animals.uwr.edu.pl\/#\/schema\/logo\/image\/\"}}]}<\/script>\n<!-- \/ Yoast SEO plugin. -->","yoast_head_json":{"title":"News - Nie-ludzie w spo\u0142eczno\u015bci Berenike. Dane archeozoologiczne w dyskursie dotycz\u0105cym to\u017csamo\u015bci i warto\u015bci w antyku","robots":{"index":"index","follow":"follow","max-snippet":"max-snippet:-1","max-image-preview":"max-image-preview:large","max-video-preview":"max-video-preview:-1"},"canonical":"https:\/\/berenike.animals.uwr.edu.pl\/en\/news\/","og_locale":"en_US","og_type":"article","og_title":"News - Nie-ludzie w spo\u0142eczno\u015bci Berenike. Dane archeozoologiczne w dyskursie dotycz\u0105cym to\u017csamo\u015bci i warto\u015bci w antyku","og_url":"https:\/\/berenike.animals.uwr.edu.pl\/en\/news\/","og_site_name":"Nie-ludzie w spo\u0142eczno\u015bci Berenike. Dane archeozoologiczne w dyskursie dotycz\u0105cym to\u017csamo\u015bci i warto\u015bci w antyku","article_modified_time":"2025-02-09T13:18:35+00:00","twitter_card":"summary_large_image","schema":{"@context":"https:\/\/schema.org","@graph":[{"@type":"WebPage","@id":"https:\/\/berenike.animals.uwr.edu.pl\/en\/news\/","url":"https:\/\/berenike.animals.uwr.edu.pl\/en\/news\/","name":"News - Nie-ludzie w spo\u0142eczno\u015bci Berenike. Dane archeozoologiczne w dyskursie dotycz\u0105cym to\u017csamo\u015bci i warto\u015bci w antyku","isPartOf":{"@id":"https:\/\/berenike.animals.uwr.edu.pl\/#website"},"datePublished":"2025-02-09T12:44:03+00:00","dateModified":"2025-02-09T13:18:35+00:00","breadcrumb":{"@id":"https:\/\/berenike.animals.uwr.edu.pl\/en\/news\/#breadcrumb"},"inLanguage":"en-US","potentialAction":[{"@type":"ReadAction","target":["https:\/\/berenike.animals.uwr.edu.pl\/en\/news\/"]}]},{"@type":"BreadcrumbList","@id":"https:\/\/berenike.animals.uwr.edu.pl\/en\/news\/#breadcrumb","itemListElement":[{"@type":"ListItem","position":1,"name":"Strona g\u0142\u00f3wna","item":"https:\/\/berenike.animals.uwr.edu.pl\/en\/"},{"@type":"ListItem","position":2,"name":"News"}]},{"@type":"WebSite","@id":"https:\/\/berenike.animals.uwr.edu.pl\/#website","url":"https:\/\/berenike.animals.uwr.edu.pl\/","name":"Nie-ludzie w spo\u0142eczno\u015bci Berenike. Dane archeozoologiczne w dyskursie dotycz\u0105cym to\u017csamo\u015bci i warto\u015bci w antyku","description":"Kolejna witryna sieci \u201eUWR Witryny\u201d","publisher":{"@id":"https:\/\/berenike.animals.uwr.edu.pl\/#organization"},"potentialAction":[{"@type":"SearchAction","target":{"@type":"EntryPoint","urlTemplate":"https:\/\/berenike.animals.uwr.edu.pl\/?s={search_term_string}"},"query-input":{"@type":"PropertyValueSpecification","valueRequired":true,"valueName":"search_term_string"}}],"inLanguage":"en-US"},{"@type":"Organization","@id":"https:\/\/berenike.animals.uwr.edu.pl\/#organization","name":"Nie-ludzie w spo\u0142eczno\u015bci Berenike. Dane archeozoologiczne w dyskursie dotycz\u0105cym to\u017csamo\u015bci i warto\u015bci w antyku","url":"https:\/\/berenike.animals.uwr.edu.pl\/","logo":{"@type":"ImageObject","inLanguage":"en-US","@id":"https:\/\/berenike.animals.uwr.edu.pl\/#\/schema\/logo\/image\/","url":"https:\/\/berenike.animals.uwr.edu.pl\/wp-content\/uploads\/sites\/519\/2025\/10\/UWr-logotyp-2025.png","contentUrl":"https:\/\/berenike.animals.uwr.edu.pl\/wp-content\/uploads\/sites\/519\/2025\/10\/UWr-logotyp-2025.png","width":764,"height":269,"caption":"Nie-ludzie w spo\u0142eczno\u015bci Berenike. Dane archeozoologiczne w dyskursie dotycz\u0105cym to\u017csamo\u015bci i warto\u015bci w antyku"},"image":{"@id":"https:\/\/berenike.animals.uwr.edu.pl\/#\/schema\/logo\/image\/"}}]}},"publishpress_future_action":{"enabled":false,"date":"2026-05-03 21:40:10","action":"change-status","newStatus":"draft","terms":[],"taxonomy":"category","extraData":[]},"publishpress_future_workflow_manual_trigger":{"enabledWorkflows":[]},"_links":{"self":[{"href":"https:\/\/berenike.animals.uwr.edu.pl\/en\/wp-json\/wp\/v2\/pages\/25474\/"}],"collection":[{"href":"https:\/\/berenike.animals.uwr.edu.pl\/en\/wp-json\/wp\/v2\/pages\/"}],"about":[{"href":"https:\/\/berenike.animals.uwr.edu.pl\/en\/wp-json\/wp\/v2\/types\/page\/"}],"author":[{"embeddable":true,"href":"https:\/\/berenike.animals.uwr.edu.pl\/en\/wp-json\/wp\/v2\/users\/840\/"}],"replies":[{"embeddable":true,"href":"https:\/\/berenike.animals.uwr.edu.pl\/en\/wp-json\/wp\/v2\/comments\/?post=25474"}],"version-history":[{"count":2,"href":"https:\/\/berenike.animals.uwr.edu.pl\/en\/wp-json\/wp\/v2\/pages\/25474\/revisions\/"}],"predecessor-version":[{"id":25534,"href":"https:\/\/berenike.animals.uwr.edu.pl\/en\/wp-json\/wp\/v2\/pages\/25474\/revisions\/25534\/"}],"wp:attachment":[{"href":"https:\/\/berenike.animals.uwr.edu.pl\/en\/wp-json\/wp\/v2\/media\/?parent=25474"}],"wp:term":[{"taxonomy":"category","embeddable":true,"href":"https:\/\/berenike.animals.uwr.edu.pl\/en\/wp-json\/wp\/v2\/categories\/?post=25474"},{"taxonomy":"post_tag","embeddable":true,"href":"https:\/\/berenike.animals.uwr.edu.pl\/en\/wp-json\/wp\/v2\/tags\/?post=25474"}],"curies":[{"name":"wp","href":"https:\/\/api.w.org\/{rel}","templated":true}]}}